{"id":6,"date":"2024-03-13T15:32:21","date_gmt":"2024-03-13T18:32:21","guid":{"rendered":"https:\/\/tabala.com.br\/?page_id=6"},"modified":"2024-03-13T20:44:32","modified_gmt":"2024-03-13T23:44:32","slug":"tabala","status":"publish","type":"page","link":"https:\/\/tabala.com.br\/","title":{"rendered":"Tabala"},"content":{"rendered":"\t\t<div data-elementor-type=\"wp-page\" data-elementor-id=\"6\" class=\"elementor elementor-6\">\n\t\t\t\t<div class=\"elementor-element elementor-element-2c93ea8 e-flex e-con-boxed e-con e-parent\" data-id=\"2c93ea8\" data-element_type=\"container\" data-core-v316-plus=\"true\">\n\t\t\t\t\t<div class=\"e-con-inner\">\n\t\t<div class=\"elementor-element elementor-element-4d48898 e-con-full e-flex e-con e-child\" data-id=\"4d48898\" data-element_type=\"container\">\n\t\t\t\t<div class=\"elementor-element elementor-element-fbfa3b2 elementor-widget elementor-widget-image\" data-id=\"fbfa3b2\" data-element_type=\"widget\" data-widget_type=\"image.default\">\n\t\t\t\t<div class=\"elementor-widget-container\">\n\t\t\t<style>\/*! elementor - v3.20.0 - 13-03-2024 *\/\n.elementor-widget-image{text-align:center}.elementor-widget-image a{display:inline-block}.elementor-widget-image a img[src$=\".svg\"]{width:48px}.elementor-widget-image img{vertical-align:middle;display:inline-block}<\/style>\t\t\t\t\t\t\t\t\t\t<img fetchpriority=\"high\" decoding=\"async\" width=\"800\" height=\"693\" src=\"https:\/\/tabala.com.br\/wp-content\/uploads\/2024\/03\/Design-sem-nome-12-e1710356658934-1024x887.png\" class=\"attachment-large size-large wp-image-15\" alt=\"\" srcset=\"https:\/\/tabala.com.br\/wp-content\/uploads\/2024\/03\/Design-sem-nome-12-e1710356658934-1024x887.png 1024w, https:\/\/tabala.com.br\/wp-content\/uploads\/2024\/03\/Design-sem-nome-12-e1710356658934-300x260.png 300w, https:\/\/tabala.com.br\/wp-content\/uploads\/2024\/03\/Design-sem-nome-12-e1710356658934-768x665.png 768w, https:\/\/tabala.com.br\/wp-content\/uploads\/2024\/03\/Design-sem-nome-12-e1710356658934.png 1080w\" sizes=\"(max-width: 800px) 100vw, 800px\" \/>\t\t\t\t\t\t\t\t\t\t\t\t\t<\/div>\n\t\t\t\t<\/div>\n\t\t\t\t<\/div>\n\t\t<div class=\"elementor-element elementor-element-69b9eb9 e-flex e-con-boxed e-con e-child\" data-id=\"69b9eb9\" data-element_type=\"container\">\n\t\t\t\t\t<div class=\"e-con-inner\">\n\t\t\t\t<div class=\"elementor-element elementor-element-fe84be7 elementor-widget elementor-widget-heading\" data-id=\"fe84be7\" data-element_type=\"widget\" data-widget_type=\"heading.default\">\n\t\t\t\t<div class=\"elementor-widget-container\">\n\t\t\t<style>\/*! elementor - v3.20.0 - 13-03-2024 *\/\n.elementor-heading-title{padding:0;margin:0;line-height:1}.elementor-widget-heading .elementor-heading-title[class*=elementor-size-]>a{color:inherit;font-size:inherit;line-height:inherit}.elementor-widget-heading .elementor-heading-title.elementor-size-small{font-size:15px}.elementor-widget-heading .elementor-heading-title.elementor-size-medium{font-size:19px}.elementor-widget-heading .elementor-heading-title.elementor-size-large{font-size:29px}.elementor-widget-heading .elementor-heading-title.elementor-size-xl{font-size:39px}.elementor-widget-heading .elementor-heading-title.elementor-size-xxl{font-size:59px}<\/style><h2 class=\"elementor-heading-title elementor-size-default\">EM BREVE<\/h2>\t\t<\/div>\n\t\t\t\t<\/div>\n\t\t\t\t\t<\/div>\n\t\t\t\t<\/div>\n\t\t<div class=\"elementor-element elementor-element-23d3720 e-con-full e-flex e-con e-child\" data-id=\"23d3720\" data-element_type=\"container\">\n\t\t<div class=\"elementor-element elementor-element-0f4469c e-con-full e-flex e-con e-child\" data-id=\"0f4469c\" data-element_type=\"container\">\n\t\t\t\t<div class=\"elementor-element elementor-element-340cb0a elementor-widget elementor-widget-image\" data-id=\"340cb0a\" data-element_type=\"widget\" data-widget_type=\"image.default\">\n\t\t\t\t<div class=\"elementor-widget-container\">\n\t\t\t\t\t\t\t\t\t\t\t\t\t<img decoding=\"async\" width=\"630\" height=\"1024\" src=\"https:\/\/tabala.com.br\/wp-content\/uploads\/2024\/03\/Design-sem-nome-13-e1710360650326-630x1024.png\" class=\"attachment-large size-large wp-image-20\" alt=\"\" srcset=\"https:\/\/tabala.com.br\/wp-content\/uploads\/2024\/03\/Design-sem-nome-13-e1710360650326-630x1024.png 630w, https:\/\/tabala.com.br\/wp-content\/uploads\/2024\/03\/Design-sem-nome-13-e1710360650326-184x300.png 184w, https:\/\/tabala.com.br\/wp-content\/uploads\/2024\/03\/Design-sem-nome-13-e1710360650326.png 664w\" sizes=\"(max-width: 630px) 100vw, 630px\" \/>\t\t\t\t\t\t\t\t\t\t\t\t\t<\/div>\n\t\t\t\t<\/div>\n\t\t\t\t<\/div>\n\t\t\t\t<\/div>\n\t\t\t\t\t<\/div>\n\t\t\t\t<\/div>\n\t\t<div class=\"elementor-element elementor-element-7f296b8 e-con-full e-flex e-con e-parent\" data-id=\"7f296b8\" data-element_type=\"container\" data-core-v316-plus=\"true\">\n\t\t\t\t<div class=\"elementor-element elementor-element-d78b59e elementor-widget elementor-widget-image-carousel\" data-id=\"d78b59e\" data-element_type=\"widget\" data-settings=\"{&quot;navigation&quot;:&quot;none&quot;,&quot;speed&quot;:500}\" data-widget_type=\"image-carousel.default\">\n\t\t\t\t<div class=\"elementor-widget-container\">\n\t\t\t<style>\/*! elementor - v3.20.0 - 13-03-2024 *\/\n.elementor-widget-image-carousel .swiper,.elementor-widget-image-carousel .swiper-container{position:static}.elementor-widget-image-carousel .swiper-container .swiper-slide figure,.elementor-widget-image-carousel .swiper .swiper-slide figure{line-height:inherit}.elementor-widget-image-carousel .swiper-slide{text-align:center}.elementor-image-carousel-wrapper:not(.swiper-container-initialized):not(.swiper-initialized) .swiper-slide{max-width:calc(100% \/ var(--e-image-carousel-slides-to-show, 3))}<\/style>\t\t<div class=\"elementor-image-carousel-wrapper swiper\" dir=\"ltr\">\n\t\t\t<div class=\"elementor-image-carousel swiper-wrapper\" aria-live=\"polite\">\n\t\t\t\t\t\t\t\t<div class=\"swiper-slide\" role=\"group\" aria-roledescription=\"slide\" aria-label=\"1 of 3\"><figure class=\"swiper-slide-inner\"><img decoding=\"async\" class=\"swiper-slide-image\" src=\"https:\/\/tabala.com.br\/wp-content\/uploads\/2024\/03\/2.png\" alt=\"2\" \/><\/figure><\/div><div class=\"swiper-slide\" role=\"group\" aria-roledescription=\"slide\" aria-label=\"2 of 3\"><figure class=\"swiper-slide-inner\"><img decoding=\"async\" class=\"swiper-slide-image\" src=\"https:\/\/tabala.com.br\/wp-content\/uploads\/2024\/03\/4.png\" alt=\"4\" \/><\/figure><\/div><div class=\"swiper-slide\" role=\"group\" aria-roledescription=\"slide\" aria-label=\"3 of 3\"><figure class=\"swiper-slide-inner\"><img decoding=\"async\" class=\"swiper-slide-image\" src=\"https:\/\/tabala.com.br\/wp-content\/uploads\/2024\/03\/3.png\" alt=\"3\" \/><\/figure><\/div>\t\t\t<\/div>\n\t\t\t\t\t\t\t\n\t\t\t\t\t\t\t\t\t<\/div>\n\t\t\t\t<\/div>\n\t\t\t\t<\/div>\n\t\t\t\t<\/div>\n\t\t<div class=\"elementor-element elementor-element-ff6aea7 e-flex e-con-boxed e-con e-parent\" data-id=\"ff6aea7\" data-element_type=\"container\" data-core-v316-plus=\"true\">\n\t\t\t\t\t<div class=\"e-con-inner\">\n\t\t<div class=\"elementor-element elementor-element-fad7090 e-flex e-con-boxed e-con e-child\" data-id=\"fad7090\" data-element_type=\"container\">\n\t\t\t\t\t<div class=\"e-con-inner\">\n\t\t<div class=\"elementor-element elementor-element-b5ffae5 e-flex e-con-boxed e-con e-child\" data-id=\"b5ffae5\" data-element_type=\"container\">\n\t\t\t\t\t<div class=\"e-con-inner\">\n\t\t\t\t<div class=\"elementor-element elementor-element-51fef67 elementor-widget elementor-widget-heading\" data-id=\"51fef67\" data-element_type=\"widget\" data-widget_type=\"heading.default\">\n\t\t\t\t<div class=\"elementor-widget-container\">\n\t\t\t<h2 class=\"elementor-heading-title elementor-size-default\">Discreto e sem constrangimento<\/h2>\t\t<\/div>\n\t\t\t\t<\/div>\n\t\t\t\t<div class=\"elementor-element elementor-element-35f5773 elementor-widget elementor-widget-text-editor\" data-id=\"35f5773\" data-element_type=\"widget\" data-widget_type=\"text-editor.default\">\n\t\t\t\t<div class=\"elementor-widget-container\">\n\t\t\t<style>\/*! elementor - v3.20.0 - 13-03-2024 *\/\n.elementor-widget-text-editor.elementor-drop-cap-view-stacked .elementor-drop-cap{background-color:#69727d;color:#fff}.elementor-widget-text-editor.elementor-drop-cap-view-framed .elementor-drop-cap{color:#69727d;border:3px solid;background-color:transparent}.elementor-widget-text-editor:not(.elementor-drop-cap-view-default) .elementor-drop-cap{margin-top:8px}.elementor-widget-text-editor:not(.elementor-drop-cap-view-default) .elementor-drop-cap-letter{width:1em;height:1em}.elementor-widget-text-editor .elementor-drop-cap{float:left;text-align:center;line-height:1;font-size:50px}.elementor-widget-text-editor .elementor-drop-cap-letter{display:inline-block}<\/style>\t\t\t\t<p>A regra n\u00ba2 do Tabala \u00e9 ser discreto pois por fora \u00e9 uma bala comum. Por dentro \u00e9 uma arma que te far\u00e1 o mais potente de todos, essa \u00e9 a regra <strong>n\u00ba1<\/strong><\/p>\t\t\t\t\t\t<\/div>\n\t\t\t\t<\/div>\n\t\t\t\t\t<\/div>\n\t\t\t\t<\/div>\n\t\t<div class=\"elementor-element elementor-element-b037bc8 e-flex e-con-boxed e-con e-child\" data-id=\"b037bc8\" data-element_type=\"container\">\n\t\t\t\t\t<div class=\"e-con-inner\">\n\t\t<div class=\"elementor-element elementor-element-859c0b6 e-con-full e-flex e-con e-child\" data-id=\"859c0b6\" data-element_type=\"container\">\n\t\t\t\t<div class=\"elementor-element elementor-element-82da83f elementor-widget elementor-widget-image\" data-id=\"82da83f\" data-element_type=\"widget\" data-widget_type=\"image.default\">\n\t\t\t\t<div class=\"elementor-widget-container\">\n\t\t\t\t\t\t\t\t\t\t\t\t\t<img decoding=\"async\" width=\"800\" height=\"800\" src=\"https:\/\/tabala.com.br\/wp-content\/uploads\/2024\/03\/Design-sem-nome-15-1024x1024.png\" class=\"attachment-large size-large wp-image-57\" alt=\"\" srcset=\"https:\/\/tabala.com.br\/wp-content\/uploads\/2024\/03\/Design-sem-nome-15-1024x1024.png 1024w, https:\/\/tabala.com.br\/wp-content\/uploads\/2024\/03\/Design-sem-nome-15-300x300.png 300w, https:\/\/tabala.com.br\/wp-content\/uploads\/2024\/03\/Design-sem-nome-15-150x150.png 150w, https:\/\/tabala.com.br\/wp-content\/uploads\/2024\/03\/Design-sem-nome-15-768x768.png 768w, https:\/\/tabala.com.br\/wp-content\/uploads\/2024\/03\/Design-sem-nome-15.png 1080w\" sizes=\"(max-width: 800px) 100vw, 800px\" \/>\t\t\t\t\t\t\t\t\t\t\t\t\t<\/div>\n\t\t\t\t<\/div>\n\t\t\t\t<\/div>\n\t\t\t\t\t<\/div>\n\t\t\t\t<\/div>\n\t\t<div class=\"elementor-element elementor-element-ac2faa5 e-flex e-con-boxed e-con e-child\" data-id=\"ac2faa5\" data-element_type=\"container\">\n\t\t\t\t\t<div class=\"e-con-inner\">\n\t\t\t\t<div class=\"elementor-element elementor-element-6e5fbab elementor-widget elementor-widget-heading\" data-id=\"6e5fbab\" data-element_type=\"widget\" data-widget_type=\"heading.default\">\n\t\t\t\t<div class=\"elementor-widget-container\">\n\t\t\t<h2 class=\"elementor-heading-title elementor-size-default\">A\u00e7\u00e3o R\u00e1pida e duradoura<\/h2>\t\t<\/div>\n\t\t\t\t<\/div>\n\t\t\t\t<div class=\"elementor-element elementor-element-f1dd126 elementor-widget elementor-widget-text-editor\" data-id=\"f1dd126\" data-element_type=\"widget\" data-widget_type=\"text-editor.default\">\n\t\t\t\t<div class=\"elementor-widget-container\">\n\t\t\t\t\t\t\t<p>O Tabala age no corpo aumentando o fluxo sangu\u00edneo na regi\u00e3o peniana em minutos, te trazendo de volta ao controle.<\/p>\t\t\t\t\t\t<\/div>\n\t\t\t\t<\/div>\n\t\t\t\t\t<\/div>\n\t\t\t\t<\/div>\n\t\t\t\t\t<\/div>\n\t\t\t\t<\/div>\n\t\t\t\t\t<\/div>\n\t\t\t\t<\/div>\n\t\t<div class=\"elementor-element elementor-element-79a1172 e-flex e-con-boxed e-con e-parent\" data-id=\"79a1172\" data-element_type=\"container\" data-core-v316-plus=\"true\">\n\t\t\t\t\t<div class=\"e-con-inner\">\n\t\t\t\t<div class=\"elementor-element elementor-element-93b4c0d elementor-widget elementor-widget-heading\" data-id=\"93b4c0d\" data-element_type=\"widget\" data-widget_type=\"heading.default\">\n\t\t\t\t<div class=\"elementor-widget-container\">\n\t\t\t<h2 class=\"elementor-heading-title elementor-size-default\">Tabala\u00ae - Todos os direitos reservados<\/h2>\t\t<\/div>\n\t\t\t\t<\/div>\n\t\t\t\t\t<\/div>\n\t\t\t\t<\/div>\n\t\t\t\t<\/div>\n\t\t","protected":false},"excerpt":{"rendered":"<p>EM BREVE Discreto e sem constrangimento A regra n\u00ba2 do Tabala \u00e9 ser discreto pois por fora \u00e9 uma bala comum. Por dentro \u00e9 uma arma que te far\u00e1 o mais potente de todos, essa \u00e9 a regra n\u00ba1 A\u00e7\u00e3o R\u00e1pida e duradoura O Tabala age no corpo aumentando o fluxo sangu\u00edneo na regi\u00e3o peniana [&hellip;]<\/p>\n","protected":false},"author":1,"featured_media":0,"parent":0,"menu_order":0,"comment_status":"closed","ping_status":"closed","template":"elementor_canvas","meta":{"footnotes":""},"_links":{"self":[{"href":"https:\/\/tabala.com.br\/index.php\/wp-json\/wp\/v2\/pages\/6"}],"collection":[{"href":"https:\/\/tabala.com.br\/index.php\/wp-json\/wp\/v2\/pages"}],"about":[{"href":"https:\/\/tabala.com.br\/index.php\/wp-json\/wp\/v2\/types\/page"}],"author":[{"embeddable":true,"href":"https:\/\/tabala.com.br\/index.php\/wp-json\/wp\/v2\/users\/1"}],"replies":[{"embeddable":true,"href":"https:\/\/tabala.com.br\/index.php\/wp-json\/wp\/v2\/comments?post=6"}],"version-history":[{"count":67,"href":"https:\/\/tabala.com.br\/index.php\/wp-json\/wp\/v2\/pages\/6\/revisions"}],"predecessor-version":[{"id":85,"href":"https:\/\/tabala.com.br\/index.php\/wp-json\/wp\/v2\/pages\/6\/revisions\/85"}],"wp:attachment":[{"href":"https:\/\/tabala.com.br\/index.php\/wp-json\/wp\/v2\/media?parent=6"}],"curies":[{"name":"wp","href":"https:\/\/api.w.org\/{rel}","templated":true}]}}